{"id":2196,"date":"2020-11-16T13:53:31","date_gmt":"2020-11-16T12:53:31","guid":{"rendered":"https:\/\/www.centredecreation.com\/cours\/schools-conservatoire\/"},"modified":"2021-02-02T19:51:14","modified_gmt":"2021-02-02T18:51:14","slug":"ecoles-projets-educatifs","status":"publish","type":"page","link":"https:\/\/www.centredecreation.com\/fr\/cours\/ecoles-projets-educatifs\/","title":{"rendered":"\u00e9coles &#038; projets \u00e9ducatifs"},"content":{"rendered":"","protected":false},"excerpt":{"rendered":"","protected":false},"author":1,"featured_media":0,"parent":2183,"menu_order":0,"comment_status":"closed","ping_status":"closed","template":"","meta":{"_acf_changed":false,"footnotes":""},"acf":[],"yoast_head":"<!-- This site is optimized with the Yoast SEO plugin v22.1 - https:\/\/yoast.com\/wordpress\/plugins\/seo\/ -->\n<title>\u00e9coles &amp; projets \u00e9ducatifs - centre de cr\u00e9ation<\/title>\n<meta name=\"robots\" content=\"index, follow, max-snippet:-1, max-image-preview:large, max-video-preview:-1\" \/>\n<link rel=\"canonical\" href=\"https:\/\/www.centredecreation.com\/fr\/cours\/ecoles-projets-educatifs\/\" \/>\n<meta property=\"og:locale\" content=\"fr_FR\" \/>\n<meta property=\"og:type\" content=\"article\" \/>\n<meta property=\"og:title\" content=\"\u00e9coles &amp; projets \u00e9ducatifs - centre de cr\u00e9ation\" \/>\n<meta property=\"og:url\" content=\"https:\/\/www.centredecreation.com\/fr\/cours\/ecoles-projets-educatifs\/\" \/>\n<meta property=\"og:site_name\" content=\"centre de cr\u00e9ation\" \/>\n<meta property=\"article:modified_time\" content=\"2021-02-02T18:51:14+00:00\" \/>\n<meta name=\"twitter:card\" content=\"summary_large_image\" \/>\n<script type=\"application\/ld+json\" class=\"yoast-schema-graph\">{\"@context\":\"https:\/\/schema.org\",\"@graph\":[{\"@type\":\"WebPage\",\"@id\":\"https:\/\/www.centredecreation.com\/fr\/cours\/ecoles-projets-educatifs\/\",\"url\":\"https:\/\/www.centredecreation.com\/fr\/cours\/ecoles-projets-educatifs\/\",\"name\":\"\u00e9coles & projets \u00e9ducatifs - centre de cr\u00e9ation\",\"isPartOf\":{\"@id\":\"https:\/\/www.centredecreation.com\/fr\/#website\"},\"datePublished\":\"2020-11-16T12:53:31+00:00\",\"dateModified\":\"2021-02-02T18:51:14+00:00\",\"breadcrumb\":{\"@id\":\"https:\/\/www.centredecreation.com\/fr\/cours\/ecoles-projets-educatifs\/#breadcrumb\"},\"inLanguage\":\"fr-FR\",\"potentialAction\":[{\"@type\":\"ReadAction\",\"target\":[\"https:\/\/www.centredecreation.com\/fr\/cours\/ecoles-projets-educatifs\/\"]}]},{\"@type\":\"BreadcrumbList\",\"@id\":\"https:\/\/www.centredecreation.com\/fr\/cours\/ecoles-projets-educatifs\/#breadcrumb\",\"itemListElement\":[{\"@type\":\"ListItem\",\"position\":1,\"name\":\"home\",\"item\":\"https:\/\/www.centredecreation.com\/fr\/\"},{\"@type\":\"ListItem\",\"position\":2,\"name\":\"cours\",\"item\":\"https:\/\/www.centredecreation.com\/fr\/cours\/\"},{\"@type\":\"ListItem\",\"position\":3,\"name\":\"\u00e9coles &#038; projets \u00e9ducatifs\"}]},{\"@type\":\"WebSite\",\"@id\":\"https:\/\/www.centredecreation.com\/fr\/#website\",\"url\":\"https:\/\/www.centredecreation.com\/fr\/\",\"name\":\"centre de cr\u00e9ation\",\"description\":\"An extraordinary place to create in Dordogne\",\"publisher\":{\"@id\":\"https:\/\/www.centredecreation.com\/fr\/#organization\"},\"potentialAction\":[{\"@type\":\"SearchAction\",\"target\":{\"@type\":\"EntryPoint\",\"urlTemplate\":\"https:\/\/www.centredecreation.com\/fr\/?s={search_term_string}\"},\"query-input\":\"required name=search_term_string\"}],\"inLanguage\":\"fr-FR\"},{\"@type\":\"Organization\",\"@id\":\"https:\/\/www.centredecreation.com\/fr\/#organization\",\"name\":\"Centre de creation\",\"url\":\"https:\/\/www.centredecreation.com\/fr\/\",\"logo\":{\"@type\":\"ImageObject\",\"inLanguage\":\"fr-FR\",\"@id\":\"https:\/\/www.centredecreation.com\/fr\/#\/schema\/logo\/image\/\",\"url\":\"https:\/\/www.centredecreation.com\/wp-content\/uploads\/2020\/11\/centre-de-creation-logo.jpg\",\"contentUrl\":\"https:\/\/www.centredecreation.com\/wp-content\/uploads\/2020\/11\/centre-de-creation-logo.jpg\",\"width\":549,\"height\":111,\"caption\":\"Centre de creation\"},\"image\":{\"@id\":\"https:\/\/www.centredecreation.com\/fr\/#\/schema\/logo\/image\/\"}}]}<\/script>\n<!-- \/ Yoast SEO plugin. -->","yoast_head_json":{"title":"\u00e9coles & projets \u00e9ducatifs - centre de cr\u00e9ation","robots":{"index":"index","follow":"follow","max-snippet":"max-snippet:-1","max-image-preview":"max-image-preview:large","max-video-preview":"max-video-preview:-1"},"canonical":"https:\/\/www.centredecreation.com\/fr\/cours\/ecoles-projets-educatifs\/","og_locale":"fr_FR","og_type":"article","og_title":"\u00e9coles & projets \u00e9ducatifs - centre de cr\u00e9ation","og_url":"https:\/\/www.centredecreation.com\/fr\/cours\/ecoles-projets-educatifs\/","og_site_name":"centre de cr\u00e9ation","article_modified_time":"2021-02-02T18:51:14+00:00","twitter_card":"summary_large_image","schema":{"@context":"https:\/\/schema.org","@graph":[{"@type":"WebPage","@id":"https:\/\/www.centredecreation.com\/fr\/cours\/ecoles-projets-educatifs\/","url":"https:\/\/www.centredecreation.com\/fr\/cours\/ecoles-projets-educatifs\/","name":"\u00e9coles & projets \u00e9ducatifs - centre de cr\u00e9ation","isPartOf":{"@id":"https:\/\/www.centredecreation.com\/fr\/#website"},"datePublished":"2020-11-16T12:53:31+00:00","dateModified":"2021-02-02T18:51:14+00:00","breadcrumb":{"@id":"https:\/\/www.centredecreation.com\/fr\/cours\/ecoles-projets-educatifs\/#breadcrumb"},"inLanguage":"fr-FR","potentialAction":[{"@type":"ReadAction","target":["https:\/\/www.centredecreation.com\/fr\/cours\/ecoles-projets-educatifs\/"]}]},{"@type":"BreadcrumbList","@id":"https:\/\/www.centredecreation.com\/fr\/cours\/ecoles-projets-educatifs\/#breadcrumb","itemListElement":[{"@type":"ListItem","position":1,"name":"home","item":"https:\/\/www.centredecreation.com\/fr\/"},{"@type":"ListItem","position":2,"name":"cours","item":"https:\/\/www.centredecreation.com\/fr\/cours\/"},{"@type":"ListItem","position":3,"name":"\u00e9coles &#038; projets \u00e9ducatifs"}]},{"@type":"WebSite","@id":"https:\/\/www.centredecreation.com\/fr\/#website","url":"https:\/\/www.centredecreation.com\/fr\/","name":"centre de cr\u00e9ation","description":"An extraordinary place to create in Dordogne","publisher":{"@id":"https:\/\/www.centredecreation.com\/fr\/#organization"},"potentialAction":[{"@type":"SearchAction","target":{"@type":"EntryPoint","urlTemplate":"https:\/\/www.centredecreation.com\/fr\/?s={search_term_string}"},"query-input":"required name=search_term_string"}],"inLanguage":"fr-FR"},{"@type":"Organization","@id":"https:\/\/www.centredecreation.com\/fr\/#organization","name":"Centre de creation","url":"https:\/\/www.centredecreation.com\/fr\/","logo":{"@type":"ImageObject","inLanguage":"fr-FR","@id":"https:\/\/www.centredecreation.com\/fr\/#\/schema\/logo\/image\/","url":"https:\/\/www.centredecreation.com\/wp-content\/uploads\/2020\/11\/centre-de-creation-logo.jpg","contentUrl":"https:\/\/www.centredecreation.com\/wp-content\/uploads\/2020\/11\/centre-de-creation-logo.jpg","width":549,"height":111,"caption":"Centre de creation"},"image":{"@id":"https:\/\/www.centredecreation.com\/fr\/#\/schema\/logo\/image\/"}}]}},"_links":{"self":[{"href":"https:\/\/www.centredecreation.com\/fr\/wp-json\/wp\/v2\/pages\/2196"}],"collection":[{"href":"https:\/\/www.centredecreation.com\/fr\/wp-json\/wp\/v2\/pages"}],"about":[{"href":"https:\/\/www.centredecreation.com\/fr\/wp-json\/wp\/v2\/types\/page"}],"author":[{"embeddable":true,"href":"https:\/\/www.centredecreation.com\/fr\/wp-json\/wp\/v2\/users\/1"}],"replies":[{"embeddable":true,"href":"https:\/\/www.centredecreation.com\/fr\/wp-json\/wp\/v2\/comments?post=2196"}],"version-history":[{"count":0,"href":"https:\/\/www.centredecreation.com\/fr\/wp-json\/wp\/v2\/pages\/2196\/revisions"}],"up":[{"embeddable":true,"href":"https:\/\/www.centredecreation.com\/fr\/wp-json\/wp\/v2\/pages\/2183"}],"wp:attachment":[{"href":"https:\/\/www.centredecreation.com\/fr\/wp-json\/wp\/v2\/media?parent=2196"}],"curies":[{"name":"wp","href":"https:\/\/api.w.org\/{rel}","templated":true}]}}