{"id":5260,"date":"2026-02-24T14:25:04","date_gmt":"2026-02-24T13:25:04","guid":{"rendered":"https:\/\/www.centredecreation.com\/dada\/dance-in-nature\/"},"modified":"2026-02-27T17:19:01","modified_gmt":"2026-02-27T16:19:01","slug":"danse-en-pleine-nature","status":"publish","type":"page","link":"https:\/\/www.centredecreation.com\/fr\/dada\/danse-en-pleine-nature\/","title":{"rendered":"Danse en pleine nature"},"content":{"rendered":"","protected":false},"excerpt":{"rendered":"","protected":false},"author":1,"featured_media":0,"parent":2253,"menu_order":0,"comment_status":"closed","ping_status":"closed","template":"page-class.php","meta":{"_acf_changed":false,"footnotes":""},"acf":[],"yoast_head":"<!-- This site is optimized with the Yoast SEO plugin v22.1 - https:\/\/yoast.com\/wordpress\/plugins\/seo\/ -->\n<title>Danse en pleine nature - centre de cr\u00e9ation<\/title>\n<meta name=\"robots\" content=\"index, follow, max-snippet:-1, max-image-preview:large, max-video-preview:-1\" \/>\n<link rel=\"canonical\" href=\"https:\/\/www.centredecreation.com\/fr\/dada\/danse-en-pleine-nature\/\" \/>\n<meta property=\"og:locale\" content=\"fr_FR\" \/>\n<meta property=\"og:type\" content=\"article\" \/>\n<meta property=\"og:title\" content=\"Danse en pleine nature - centre de cr\u00e9ation\" \/>\n<meta property=\"og:url\" content=\"https:\/\/www.centredecreation.com\/fr\/dada\/danse-en-pleine-nature\/\" \/>\n<meta property=\"og:site_name\" content=\"centre de cr\u00e9ation\" \/>\n<meta property=\"article:modified_time\" content=\"2026-02-27T16:19:01+00:00\" \/>\n<meta name=\"twitter:card\" content=\"summary_large_image\" \/>\n<meta name=\"twitter:label1\" content=\"Dur\u00e9e de lecture estim\u00e9e\" \/>\n\t<meta name=\"twitter:data1\" content=\"1 minute\" \/>\n<script type=\"application\/ld+json\" class=\"yoast-schema-graph\">{\"@context\":\"https:\/\/schema.org\",\"@graph\":[{\"@type\":\"WebPage\",\"@id\":\"https:\/\/www.centredecreation.com\/fr\/dada\/danse-en-pleine-nature\/\",\"url\":\"https:\/\/www.centredecreation.com\/fr\/dada\/danse-en-pleine-nature\/\",\"name\":\"Danse en pleine nature - centre de cr\u00e9ation\",\"isPartOf\":{\"@id\":\"https:\/\/www.centredecreation.com\/fr\/#website\"},\"datePublished\":\"2026-02-24T13:25:04+00:00\",\"dateModified\":\"2026-02-27T16:19:01+00:00\",\"breadcrumb\":{\"@id\":\"https:\/\/www.centredecreation.com\/fr\/dada\/danse-en-pleine-nature\/#breadcrumb\"},\"inLanguage\":\"fr-FR\",\"potentialAction\":[{\"@type\":\"ReadAction\",\"target\":[\"https:\/\/www.centredecreation.com\/fr\/dada\/danse-en-pleine-nature\/\"]}]},{\"@type\":\"BreadcrumbList\",\"@id\":\"https:\/\/www.centredecreation.com\/fr\/dada\/danse-en-pleine-nature\/#breadcrumb\",\"itemListElement\":[{\"@type\":\"ListItem\",\"position\":1,\"name\":\"home\",\"item\":\"https:\/\/www.centredecreation.com\/fr\/\"},{\"@type\":\"ListItem\",\"position\":2,\"name\":\"DADA\",\"item\":\"https:\/\/www.centredecreation.com\/fr\/dada\/\"},{\"@type\":\"ListItem\",\"position\":3,\"name\":\"Danse en pleine nature\"}]},{\"@type\":\"WebSite\",\"@id\":\"https:\/\/www.centredecreation.com\/fr\/#website\",\"url\":\"https:\/\/www.centredecreation.com\/fr\/\",\"name\":\"centre de cr\u00e9ation\",\"description\":\"An extraordinary place to create in Dordogne\",\"publisher\":{\"@id\":\"https:\/\/www.centredecreation.com\/fr\/#organization\"},\"potentialAction\":[{\"@type\":\"SearchAction\",\"target\":{\"@type\":\"EntryPoint\",\"urlTemplate\":\"https:\/\/www.centredecreation.com\/fr\/?s={search_term_string}\"},\"query-input\":\"required name=search_term_string\"}],\"inLanguage\":\"fr-FR\"},{\"@type\":\"Organization\",\"@id\":\"https:\/\/www.centredecreation.com\/fr\/#organization\",\"name\":\"Centre de creation\",\"url\":\"https:\/\/www.centredecreation.com\/fr\/\",\"logo\":{\"@type\":\"ImageObject\",\"inLanguage\":\"fr-FR\",\"@id\":\"https:\/\/www.centredecreation.com\/fr\/#\/schema\/logo\/image\/\",\"url\":\"https:\/\/www.centredecreation.com\/wp-content\/uploads\/2020\/11\/centre-de-creation-logo.jpg\",\"contentUrl\":\"https:\/\/www.centredecreation.com\/wp-content\/uploads\/2020\/11\/centre-de-creation-logo.jpg\",\"width\":549,\"height\":111,\"caption\":\"Centre de creation\"},\"image\":{\"@id\":\"https:\/\/www.centredecreation.com\/fr\/#\/schema\/logo\/image\/\"}}]}<\/script>\n<!-- \/ Yoast SEO plugin. -->","yoast_head_json":{"title":"Danse en pleine nature - centre de cr\u00e9ation","robots":{"index":"index","follow":"follow","max-snippet":"max-snippet:-1","max-image-preview":"max-image-preview:large","max-video-preview":"max-video-preview:-1"},"canonical":"https:\/\/www.centredecreation.com\/fr\/dada\/danse-en-pleine-nature\/","og_locale":"fr_FR","og_type":"article","og_title":"Danse en pleine nature - centre de cr\u00e9ation","og_url":"https:\/\/www.centredecreation.com\/fr\/dada\/danse-en-pleine-nature\/","og_site_name":"centre de cr\u00e9ation","article_modified_time":"2026-02-27T16:19:01+00:00","twitter_card":"summary_large_image","twitter_misc":{"Dur\u00e9e de lecture estim\u00e9e":"1 minute"},"schema":{"@context":"https:\/\/schema.org","@graph":[{"@type":"WebPage","@id":"https:\/\/www.centredecreation.com\/fr\/dada\/danse-en-pleine-nature\/","url":"https:\/\/www.centredecreation.com\/fr\/dada\/danse-en-pleine-nature\/","name":"Danse en pleine nature - centre de cr\u00e9ation","isPartOf":{"@id":"https:\/\/www.centredecreation.com\/fr\/#website"},"datePublished":"2026-02-24T13:25:04+00:00","dateModified":"2026-02-27T16:19:01+00:00","breadcrumb":{"@id":"https:\/\/www.centredecreation.com\/fr\/dada\/danse-en-pleine-nature\/#breadcrumb"},"inLanguage":"fr-FR","potentialAction":[{"@type":"ReadAction","target":["https:\/\/www.centredecreation.com\/fr\/dada\/danse-en-pleine-nature\/"]}]},{"@type":"BreadcrumbList","@id":"https:\/\/www.centredecreation.com\/fr\/dada\/danse-en-pleine-nature\/#breadcrumb","itemListElement":[{"@type":"ListItem","position":1,"name":"home","item":"https:\/\/www.centredecreation.com\/fr\/"},{"@type":"ListItem","position":2,"name":"DADA","item":"https:\/\/www.centredecreation.com\/fr\/dada\/"},{"@type":"ListItem","position":3,"name":"Danse en pleine nature"}]},{"@type":"WebSite","@id":"https:\/\/www.centredecreation.com\/fr\/#website","url":"https:\/\/www.centredecreation.com\/fr\/","name":"centre de cr\u00e9ation","description":"An extraordinary place to create in Dordogne","publisher":{"@id":"https:\/\/www.centredecreation.com\/fr\/#organization"},"potentialAction":[{"@type":"SearchAction","target":{"@type":"EntryPoint","urlTemplate":"https:\/\/www.centredecreation.com\/fr\/?s={search_term_string}"},"query-input":"required name=search_term_string"}],"inLanguage":"fr-FR"},{"@type":"Organization","@id":"https:\/\/www.centredecreation.com\/fr\/#organization","name":"Centre de creation","url":"https:\/\/www.centredecreation.com\/fr\/","logo":{"@type":"ImageObject","inLanguage":"fr-FR","@id":"https:\/\/www.centredecreation.com\/fr\/#\/schema\/logo\/image\/","url":"https:\/\/www.centredecreation.com\/wp-content\/uploads\/2020\/11\/centre-de-creation-logo.jpg","contentUrl":"https:\/\/www.centredecreation.com\/wp-content\/uploads\/2020\/11\/centre-de-creation-logo.jpg","width":549,"height":111,"caption":"Centre de creation"},"image":{"@id":"https:\/\/www.centredecreation.com\/fr\/#\/schema\/logo\/image\/"}}]}},"_links":{"self":[{"href":"https:\/\/www.centredecreation.com\/fr\/wp-json\/wp\/v2\/pages\/5260"}],"collection":[{"href":"https:\/\/www.centredecreation.com\/fr\/wp-json\/wp\/v2\/pages"}],"about":[{"href":"https:\/\/www.centredecreation.com\/fr\/wp-json\/wp\/v2\/types\/page"}],"author":[{"embeddable":true,"href":"https:\/\/www.centredecreation.com\/fr\/wp-json\/wp\/v2\/users\/1"}],"replies":[{"embeddable":true,"href":"https:\/\/www.centredecreation.com\/fr\/wp-json\/wp\/v2\/comments?post=5260"}],"version-history":[{"count":1,"href":"https:\/\/www.centredecreation.com\/fr\/wp-json\/wp\/v2\/pages\/5260\/revisions"}],"predecessor-version":[{"id":5261,"href":"https:\/\/www.centredecreation.com\/fr\/wp-json\/wp\/v2\/pages\/5260\/revisions\/5261"}],"up":[{"embeddable":true,"href":"https:\/\/www.centredecreation.com\/fr\/wp-json\/wp\/v2\/pages\/2253"}],"wp:attachment":[{"href":"https:\/\/www.centredecreation.com\/fr\/wp-json\/wp\/v2\/media?parent=5260"}],"curies":[{"name":"wp","href":"https:\/\/api.w.org\/{rel}","templated":true}]}}