{"id":2441,"date":"2020-11-20T14:24:51","date_gmt":"2020-11-20T13:24:51","guid":{"rendered":"https:\/\/www.centredecreation.com\/product\/wild-walks-yoga-summer-retreat\/"},"modified":"2021-08-04T13:35:50","modified_gmt":"2021-08-04T11:35:50","slug":"promenades-sauvages-yoga-ete","status":"publish","type":"product","link":"https:\/\/www.centredecreation.com\/fr\/produit\/promenades-sauvages-yoga-ete\/","title":{"rendered":"retraite promenades sauvages et yoga (\u00e9t\u00e9)"},"content":{"rendered":"","protected":false},"excerpt":{"rendered":"<p><strong>du 28 juin au 2 juillet 2021<\/strong><\/p>\n<p>Voir le <a href=\"https:\/\/www.centredecreation.com\/fr\/retraites\/promenades-sauvages-yoga-ete\/\">d\u00e9tail de cette retraite<\/a><\/p>\n<p><span style=\"font-size: 0.85em;\"><em>Si vous avez un r\u00e9gime alimentaire particulier, vous pourrez le pr\u00e9ciser dans le champs \u00ab\u00a0Informations compl\u00e9mentaires\u00a0\u00bb de la page de validation\/paiement.<\/em><\/span><\/p>\n<h5><a href=\"https:\/\/www.centredecreation.com\/fr\/conditions-generales-de-vente\/\">conditions g\u00e9n\u00e9rales de vente<\/a><\/h5>\n","protected":false},"featured_media":1496,"template":"","meta":{"_acf_changed":false},"product_cat":[31],"product_tag":[],"acf":[],"yoast_head":"<!-- This site is optimized with the Yoast SEO plugin v22.1 - https:\/\/yoast.com\/wordpress\/plugins\/seo\/ -->\n<title>retraite promenades sauvages et yoga (\u00e9t\u00e9) - centre de cr\u00e9ation<\/title>\n<meta name=\"robots\" content=\"index, follow, max-snippet:-1, max-image-preview:large, max-video-preview:-1\" \/>\n<link rel=\"canonical\" href=\"https:\/\/www.centredecreation.com\/fr\/produit\/promenades-sauvages-yoga-ete\/\" \/>\n<meta property=\"og:locale\" content=\"fr_FR\" \/>\n<meta property=\"og:type\" content=\"article\" \/>\n<meta property=\"og:title\" content=\"retraite promenades sauvages et yoga (\u00e9t\u00e9) - centre de cr\u00e9ation\" \/>\n<meta property=\"og:description\" content=\"du 28 juin au 2 juillet 2021 Voir le d\u00e9tail de cette retraite Si vous avez un r\u00e9gime alimentaire particulier, vous pourrez le pr\u00e9ciser dans le champs &quot;Informations compl\u00e9mentaires&quot; de la page de validation\/paiement. conditions g\u00e9n\u00e9rales de vente\" \/>\n<meta property=\"og:url\" content=\"https:\/\/www.centredecreation.com\/fr\/produit\/promenades-sauvages-yoga-ete\/\" \/>\n<meta property=\"og:site_name\" content=\"centre de cr\u00e9ation\" \/>\n<meta property=\"article:modified_time\" content=\"2021-08-04T11:35:50+00:00\" \/>\n<meta property=\"og:image\" content=\"https:\/\/www.centredecreation.com\/wp-content\/uploads\/2020\/11\/wild-walks-summer.jpg\" \/>\n\t<meta property=\"og:image:width\" content=\"600\" \/>\n\t<meta property=\"og:image:height\" content=\"600\" \/>\n\t<meta property=\"og:image:type\" content=\"image\/jpeg\" \/>\n<meta name=\"twitter:card\" content=\"summary_large_image\" \/>\n<script type=\"application\/ld+json\" class=\"yoast-schema-graph\">{\"@context\":\"https:\/\/schema.org\",\"@graph\":[{\"@type\":\"WebPage\",\"@id\":\"https:\/\/www.centredecreation.com\/fr\/produit\/promenades-sauvages-yoga-ete\/\",\"url\":\"https:\/\/www.centredecreation.com\/fr\/produit\/promenades-sauvages-yoga-ete\/\",\"name\":\"retraite promenades sauvages et yoga (\u00e9t\u00e9) - centre de cr\u00e9ation\",\"isPartOf\":{\"@id\":\"https:\/\/www.centredecreation.com\/fr\/#website\"},\"datePublished\":\"2020-11-20T13:24:51+00:00\",\"dateModified\":\"2021-08-04T11:35:50+00:00\",\"breadcrumb\":{\"@id\":\"https:\/\/www.centredecreation.com\/fr\/produit\/promenades-sauvages-yoga-ete\/#breadcrumb\"},\"inLanguage\":\"fr-FR\",\"potentialAction\":[{\"@type\":\"ReadAction\",\"target\":[\"https:\/\/www.centredecreation.com\/fr\/produit\/promenades-sauvages-yoga-ete\/\"]}]},{\"@type\":\"BreadcrumbList\",\"@id\":\"https:\/\/www.centredecreation.com\/fr\/produit\/promenades-sauvages-yoga-ete\/#breadcrumb\",\"itemListElement\":[{\"@type\":\"ListItem\",\"position\":1,\"name\":\"home\",\"item\":\"https:\/\/www.centredecreation.com\/fr\/\"},{\"@type\":\"ListItem\",\"position\":2,\"name\":\"Boutique\",\"item\":\"https:\/\/www.centredecreation.com\/fr\/boutique\/\"},{\"@type\":\"ListItem\",\"position\":3,\"name\":\"retraite promenades sauvages et yoga (\u00e9t\u00e9)\"}]},{\"@type\":\"WebSite\",\"@id\":\"https:\/\/www.centredecreation.com\/fr\/#website\",\"url\":\"https:\/\/www.centredecreation.com\/fr\/\",\"name\":\"centre de cr\u00e9ation\",\"description\":\"An extraordinary place to create in Dordogne\",\"publisher\":{\"@id\":\"https:\/\/www.centredecreation.com\/fr\/#organization\"},\"potentialAction\":[{\"@type\":\"SearchAction\",\"target\":{\"@type\":\"EntryPoint\",\"urlTemplate\":\"https:\/\/www.centredecreation.com\/fr\/?s={search_term_string}\"},\"query-input\":\"required name=search_term_string\"}],\"inLanguage\":\"fr-FR\"},{\"@type\":\"Organization\",\"@id\":\"https:\/\/www.centredecreation.com\/fr\/#organization\",\"name\":\"Centre de creation\",\"url\":\"https:\/\/www.centredecreation.com\/fr\/\",\"logo\":{\"@type\":\"ImageObject\",\"inLanguage\":\"fr-FR\",\"@id\":\"https:\/\/www.centredecreation.com\/fr\/#\/schema\/logo\/image\/\",\"url\":\"https:\/\/www.centredecreation.com\/wp-content\/uploads\/2020\/11\/centre-de-creation-logo.jpg\",\"contentUrl\":\"https:\/\/www.centredecreation.com\/wp-content\/uploads\/2020\/11\/centre-de-creation-logo.jpg\",\"width\":549,\"height\":111,\"caption\":\"Centre de creation\"},\"image\":{\"@id\":\"https:\/\/www.centredecreation.com\/fr\/#\/schema\/logo\/image\/\"}}]}<\/script>\n<!-- \/ Yoast SEO plugin. -->","yoast_head_json":{"title":"retraite promenades sauvages et yoga (\u00e9t\u00e9) - centre de cr\u00e9ation","robots":{"index":"index","follow":"follow","max-snippet":"max-snippet:-1","max-image-preview":"max-image-preview:large","max-video-preview":"max-video-preview:-1"},"canonical":"https:\/\/www.centredecreation.com\/fr\/produit\/promenades-sauvages-yoga-ete\/","og_locale":"fr_FR","og_type":"article","og_title":"retraite promenades sauvages et yoga (\u00e9t\u00e9) - centre de cr\u00e9ation","og_description":"du 28 juin au 2 juillet 2021 Voir le d\u00e9tail de cette retraite Si vous avez un r\u00e9gime alimentaire particulier, vous pourrez le pr\u00e9ciser dans le champs \"Informations compl\u00e9mentaires\" de la page de validation\/paiement. conditions g\u00e9n\u00e9rales de vente","og_url":"https:\/\/www.centredecreation.com\/fr\/produit\/promenades-sauvages-yoga-ete\/","og_site_name":"centre de cr\u00e9ation","article_modified_time":"2021-08-04T11:35:50+00:00","og_image":[{"width":600,"height":600,"url":"https:\/\/www.centredecreation.com\/wp-content\/uploads\/2020\/11\/wild-walks-summer.jpg","type":"image\/jpeg"}],"twitter_card":"summary_large_image","schema":{"@context":"https:\/\/schema.org","@graph":[{"@type":"WebPage","@id":"https:\/\/www.centredecreation.com\/fr\/produit\/promenades-sauvages-yoga-ete\/","url":"https:\/\/www.centredecreation.com\/fr\/produit\/promenades-sauvages-yoga-ete\/","name":"retraite promenades sauvages et yoga (\u00e9t\u00e9) - centre de cr\u00e9ation","isPartOf":{"@id":"https:\/\/www.centredecreation.com\/fr\/#website"},"datePublished":"2020-11-20T13:24:51+00:00","dateModified":"2021-08-04T11:35:50+00:00","breadcrumb":{"@id":"https:\/\/www.centredecreation.com\/fr\/produit\/promenades-sauvages-yoga-ete\/#breadcrumb"},"inLanguage":"fr-FR","potentialAction":[{"@type":"ReadAction","target":["https:\/\/www.centredecreation.com\/fr\/produit\/promenades-sauvages-yoga-ete\/"]}]},{"@type":"BreadcrumbList","@id":"https:\/\/www.centredecreation.com\/fr\/produit\/promenades-sauvages-yoga-ete\/#breadcrumb","itemListElement":[{"@type":"ListItem","position":1,"name":"home","item":"https:\/\/www.centredecreation.com\/fr\/"},{"@type":"ListItem","position":2,"name":"Boutique","item":"https:\/\/www.centredecreation.com\/fr\/boutique\/"},{"@type":"ListItem","position":3,"name":"retraite promenades sauvages et yoga (\u00e9t\u00e9)"}]},{"@type":"WebSite","@id":"https:\/\/www.centredecreation.com\/fr\/#website","url":"https:\/\/www.centredecreation.com\/fr\/","name":"centre de cr\u00e9ation","description":"An extraordinary place to create in Dordogne","publisher":{"@id":"https:\/\/www.centredecreation.com\/fr\/#organization"},"potentialAction":[{"@type":"SearchAction","target":{"@type":"EntryPoint","urlTemplate":"https:\/\/www.centredecreation.com\/fr\/?s={search_term_string}"},"query-input":"required name=search_term_string"}],"inLanguage":"fr-FR"},{"@type":"Organization","@id":"https:\/\/www.centredecreation.com\/fr\/#organization","name":"Centre de creation","url":"https:\/\/www.centredecreation.com\/fr\/","logo":{"@type":"ImageObject","inLanguage":"fr-FR","@id":"https:\/\/www.centredecreation.com\/fr\/#\/schema\/logo\/image\/","url":"https:\/\/www.centredecreation.com\/wp-content\/uploads\/2020\/11\/centre-de-creation-logo.jpg","contentUrl":"https:\/\/www.centredecreation.com\/wp-content\/uploads\/2020\/11\/centre-de-creation-logo.jpg","width":549,"height":111,"caption":"Centre de creation"},"image":{"@id":"https:\/\/www.centredecreation.com\/fr\/#\/schema\/logo\/image\/"}}]}},"_links":{"self":[{"href":"https:\/\/www.centredecreation.com\/fr\/wp-json\/wp\/v2\/product\/2441"}],"collection":[{"href":"https:\/\/www.centredecreation.com\/fr\/wp-json\/wp\/v2\/product"}],"about":[{"href":"https:\/\/www.centredecreation.com\/fr\/wp-json\/wp\/v2\/types\/product"}],"wp:featuredmedia":[{"embeddable":true,"href":"https:\/\/www.centredecreation.com\/fr\/wp-json\/wp\/v2\/media\/1496"}],"wp:attachment":[{"href":"https:\/\/www.centredecreation.com\/fr\/wp-json\/wp\/v2\/media?parent=2441"}],"wp:term":[{"taxonomy":"product_cat","embeddable":true,"href":"https:\/\/www.centredecreation.com\/fr\/wp-json\/wp\/v2\/product_cat?post=2441"},{"taxonomy":"product_tag","embeddable":true,"href":"https:\/\/www.centredecreation.com\/fr\/wp-json\/wp\/v2\/product_tag?post=2441"}],"curies":[{"name":"wp","href":"https:\/\/api.w.org\/{rel}","templated":true}]}}