{"id":2446,"date":"2020-11-16T10:22:03","date_gmt":"2020-11-16T09:22:03","guid":{"rendered":"https:\/\/www.centredecreation.com\/product\/dada-package\/"},"modified":"2026-04-11T08:49:25","modified_gmt":"2026-04-11T06:49:25","slug":"dada-forfaits","status":"publish","type":"product","link":"https:\/\/www.centredecreation.com\/fr\/produit\/dada-forfaits\/","title":{"rendered":"DADA"},"content":{"rendered":"<h3>Votre exp\u00e9rience DADA inclus :<\/h3>\n<p>&#8211; Acc\u00e8s \u00e0 tous les cours et ateliers.<br \/>\n&#8211; H\u00e9bergement selon nos disponibilit\u00e9s.<br \/>\n&#8211; Nourriture v\u00e9g\u00e9tarienne et\/ou vegan<br \/>\n&#8211; Piscine et rivi\u00e8re<\/p>\n<p>&nbsp;<\/p>\n<p>Retour \u00e0 la <a href=\"https:\/\/www.centredecreation.com\/fr\/dada\/\">liste des cours<\/a><\/p>\n","protected":false},"excerpt":{"rendered":"<p><span style=\"font-size: 1.5em;\"><strong>du 5 au 11 juin 2026<\/strong><\/span><\/p>\n<p>DADA est id\u00e9al pour les professionnels de la danse et des arts a\u00e9riens d\u00e9sireux d&rsquo;am\u00e9liorer leur technique, de consacrer du temps \u00e0 la recherche et \u00e0 la cr\u00e9ation, et de se concentrer v\u00e9ritablement sur leur d\u00e9veloppement personnel.\u00a0<\/p>\n","protected":false},"featured_media":3477,"template":"","meta":{"_acf_changed":false},"product_cat":[30],"product_tag":[],"acf":[],"yoast_head":"<!-- This site is optimized with the Yoast SEO plugin v22.1 - https:\/\/yoast.com\/wordpress\/plugins\/seo\/ -->\n<title>DADA - centre de cr\u00e9ation<\/title>\n<meta name=\"robots\" content=\"index, follow, max-snippet:-1, max-image-preview:large, max-video-preview:-1\" \/>\n<link rel=\"canonical\" href=\"https:\/\/www.centredecreation.com\/fr\/produit\/dada-forfaits\/\" \/>\n<meta property=\"og:locale\" content=\"fr_FR\" \/>\n<meta property=\"og:type\" content=\"article\" \/>\n<meta property=\"og:title\" content=\"DADA - centre de cr\u00e9ation\" \/>\n<meta property=\"og:description\" content=\"du 5 au 11 juin 2026 DADA est id\u00e9al pour les professionnels de la danse et des arts a\u00e9riens d\u00e9sireux d&#039;am\u00e9liorer leur technique, de consacrer du temps \u00e0 la recherche et \u00e0 la cr\u00e9ation, et de se concentrer v\u00e9ritablement sur leur d\u00e9veloppement personnel.\u00a0\" \/>\n<meta property=\"og:url\" content=\"https:\/\/www.centredecreation.com\/fr\/produit\/dada-forfaits\/\" \/>\n<meta property=\"og:site_name\" content=\"centre de cr\u00e9ation\" \/>\n<meta property=\"article:modified_time\" content=\"2026-04-11T06:49:25+00:00\" \/>\n<meta property=\"og:image\" content=\"https:\/\/www.centredecreation.com\/wp-content\/uploads\/2020\/11\/vertical-wall.jpg\" \/>\n\t<meta property=\"og:image:width\" content=\"600\" \/>\n\t<meta property=\"og:image:height\" content=\"600\" \/>\n\t<meta property=\"og:image:type\" content=\"image\/jpeg\" \/>\n<meta name=\"twitter:card\" content=\"summary_large_image\" \/>\n<meta name=\"twitter:label1\" content=\"Dur\u00e9e de lecture estim\u00e9e\" \/>\n\t<meta name=\"twitter:data1\" content=\"1 minute\" \/>\n<script type=\"application\/ld+json\" class=\"yoast-schema-graph\">{\"@context\":\"https:\/\/schema.org\",\"@graph\":[{\"@type\":\"WebPage\",\"@id\":\"https:\/\/www.centredecreation.com\/fr\/produit\/dada-forfaits\/\",\"url\":\"https:\/\/www.centredecreation.com\/fr\/produit\/dada-forfaits\/\",\"name\":\"DADA - centre de cr\u00e9ation\",\"isPartOf\":{\"@id\":\"https:\/\/www.centredecreation.com\/fr\/#website\"},\"datePublished\":\"2020-11-16T09:22:03+00:00\",\"dateModified\":\"2026-04-11T06:49:25+00:00\",\"breadcrumb\":{\"@id\":\"https:\/\/www.centredecreation.com\/fr\/produit\/dada-forfaits\/#breadcrumb\"},\"inLanguage\":\"fr-FR\",\"potentialAction\":[{\"@type\":\"ReadAction\",\"target\":[\"https:\/\/www.centredecreation.com\/fr\/produit\/dada-forfaits\/\"]}]},{\"@type\":\"BreadcrumbList\",\"@id\":\"https:\/\/www.centredecreation.com\/fr\/produit\/dada-forfaits\/#breadcrumb\",\"itemListElement\":[{\"@type\":\"ListItem\",\"position\":1,\"name\":\"home\",\"item\":\"https:\/\/www.centredecreation.com\/fr\/\"},{\"@type\":\"ListItem\",\"position\":2,\"name\":\"Boutique\",\"item\":\"https:\/\/www.centredecreation.com\/fr\/boutique\/\"},{\"@type\":\"ListItem\",\"position\":3,\"name\":\"DADA\"}]},{\"@type\":\"WebSite\",\"@id\":\"https:\/\/www.centredecreation.com\/fr\/#website\",\"url\":\"https:\/\/www.centredecreation.com\/fr\/\",\"name\":\"centre de cr\u00e9ation\",\"description\":\"An extraordinary place to create in Dordogne\",\"publisher\":{\"@id\":\"https:\/\/www.centredecreation.com\/fr\/#organization\"},\"potentialAction\":[{\"@type\":\"SearchAction\",\"target\":{\"@type\":\"EntryPoint\",\"urlTemplate\":\"https:\/\/www.centredecreation.com\/fr\/?s={search_term_string}\"},\"query-input\":\"required name=search_term_string\"}],\"inLanguage\":\"fr-FR\"},{\"@type\":\"Organization\",\"@id\":\"https:\/\/www.centredecreation.com\/fr\/#organization\",\"name\":\"Centre de creation\",\"url\":\"https:\/\/www.centredecreation.com\/fr\/\",\"logo\":{\"@type\":\"ImageObject\",\"inLanguage\":\"fr-FR\",\"@id\":\"https:\/\/www.centredecreation.com\/fr\/#\/schema\/logo\/image\/\",\"url\":\"https:\/\/www.centredecreation.com\/wp-content\/uploads\/2020\/11\/centre-de-creation-logo.jpg\",\"contentUrl\":\"https:\/\/www.centredecreation.com\/wp-content\/uploads\/2020\/11\/centre-de-creation-logo.jpg\",\"width\":549,\"height\":111,\"caption\":\"Centre de creation\"},\"image\":{\"@id\":\"https:\/\/www.centredecreation.com\/fr\/#\/schema\/logo\/image\/\"}}]}<\/script>\n<!-- \/ Yoast SEO plugin. -->","yoast_head_json":{"title":"DADA - centre de cr\u00e9ation","robots":{"index":"index","follow":"follow","max-snippet":"max-snippet:-1","max-image-preview":"max-image-preview:large","max-video-preview":"max-video-preview:-1"},"canonical":"https:\/\/www.centredecreation.com\/fr\/produit\/dada-forfaits\/","og_locale":"fr_FR","og_type":"article","og_title":"DADA - centre de cr\u00e9ation","og_description":"du 5 au 11 juin 2026 DADA est id\u00e9al pour les professionnels de la danse et des arts a\u00e9riens d\u00e9sireux d'am\u00e9liorer leur technique, de consacrer du temps \u00e0 la recherche et \u00e0 la cr\u00e9ation, et de se concentrer v\u00e9ritablement sur leur d\u00e9veloppement personnel.\u00a0","og_url":"https:\/\/www.centredecreation.com\/fr\/produit\/dada-forfaits\/","og_site_name":"centre de cr\u00e9ation","article_modified_time":"2026-04-11T06:49:25+00:00","og_image":[{"width":600,"height":600,"url":"https:\/\/www.centredecreation.com\/wp-content\/uploads\/2020\/11\/vertical-wall.jpg","type":"image\/jpeg"}],"twitter_card":"summary_large_image","twitter_misc":{"Dur\u00e9e de lecture estim\u00e9e":"1 minute"},"schema":{"@context":"https:\/\/schema.org","@graph":[{"@type":"WebPage","@id":"https:\/\/www.centredecreation.com\/fr\/produit\/dada-forfaits\/","url":"https:\/\/www.centredecreation.com\/fr\/produit\/dada-forfaits\/","name":"DADA - centre de cr\u00e9ation","isPartOf":{"@id":"https:\/\/www.centredecreation.com\/fr\/#website"},"datePublished":"2020-11-16T09:22:03+00:00","dateModified":"2026-04-11T06:49:25+00:00","breadcrumb":{"@id":"https:\/\/www.centredecreation.com\/fr\/produit\/dada-forfaits\/#breadcrumb"},"inLanguage":"fr-FR","potentialAction":[{"@type":"ReadAction","target":["https:\/\/www.centredecreation.com\/fr\/produit\/dada-forfaits\/"]}]},{"@type":"BreadcrumbList","@id":"https:\/\/www.centredecreation.com\/fr\/produit\/dada-forfaits\/#breadcrumb","itemListElement":[{"@type":"ListItem","position":1,"name":"home","item":"https:\/\/www.centredecreation.com\/fr\/"},{"@type":"ListItem","position":2,"name":"Boutique","item":"https:\/\/www.centredecreation.com\/fr\/boutique\/"},{"@type":"ListItem","position":3,"name":"DADA"}]},{"@type":"WebSite","@id":"https:\/\/www.centredecreation.com\/fr\/#website","url":"https:\/\/www.centredecreation.com\/fr\/","name":"centre de cr\u00e9ation","description":"An extraordinary place to create in Dordogne","publisher":{"@id":"https:\/\/www.centredecreation.com\/fr\/#organization"},"potentialAction":[{"@type":"SearchAction","target":{"@type":"EntryPoint","urlTemplate":"https:\/\/www.centredecreation.com\/fr\/?s={search_term_string}"},"query-input":"required name=search_term_string"}],"inLanguage":"fr-FR"},{"@type":"Organization","@id":"https:\/\/www.centredecreation.com\/fr\/#organization","name":"Centre de creation","url":"https:\/\/www.centredecreation.com\/fr\/","logo":{"@type":"ImageObject","inLanguage":"fr-FR","@id":"https:\/\/www.centredecreation.com\/fr\/#\/schema\/logo\/image\/","url":"https:\/\/www.centredecreation.com\/wp-content\/uploads\/2020\/11\/centre-de-creation-logo.jpg","contentUrl":"https:\/\/www.centredecreation.com\/wp-content\/uploads\/2020\/11\/centre-de-creation-logo.jpg","width":549,"height":111,"caption":"Centre de creation"},"image":{"@id":"https:\/\/www.centredecreation.com\/fr\/#\/schema\/logo\/image\/"}}]}},"_links":{"self":[{"href":"https:\/\/www.centredecreation.com\/fr\/wp-json\/wp\/v2\/product\/2446"}],"collection":[{"href":"https:\/\/www.centredecreation.com\/fr\/wp-json\/wp\/v2\/product"}],"about":[{"href":"https:\/\/www.centredecreation.com\/fr\/wp-json\/wp\/v2\/types\/product"}],"wp:featuredmedia":[{"embeddable":true,"href":"https:\/\/www.centredecreation.com\/fr\/wp-json\/wp\/v2\/media\/3477"}],"wp:attachment":[{"href":"https:\/\/www.centredecreation.com\/fr\/wp-json\/wp\/v2\/media?parent=2446"}],"wp:term":[{"taxonomy":"product_cat","embeddable":true,"href":"https:\/\/www.centredecreation.com\/fr\/wp-json\/wp\/v2\/product_cat?post=2446"},{"taxonomy":"product_tag","embeddable":true,"href":"https:\/\/www.centredecreation.com\/fr\/wp-json\/wp\/v2\/product_tag?post=2446"}],"curies":[{"name":"wp","href":"https:\/\/api.w.org\/{rel}","templated":true}]}}